{"id":131,"date":"2017-11-28T08:27:58","date_gmt":"2017-11-28T08:27:58","guid":{"rendered":"http:\/\/demo2.drfuri.com\/martfury12\/?page_id=131"},"modified":"2021-07-01T11:03:45","modified_gmt":"2021-07-01T14:03:45","slug":"contact","status":"publish","type":"page","link":"https:\/\/intertecno.com.ar\/decileatumadre\/contact\/","title":{"rendered":"Contacto"},"content":{"rendered":"\t\t<div data-elementor-type=\"wp-post\" data-elementor-id=\"131\" class=\"elementor elementor-131\">\n\t\t\t\t\t\t<section class=\"elementor-section elementor-top-section elementor-element elementor-element-22fa379e elementor-section-stretched elementor-section-full_width elementor-section-height-default elementor-section-height-default\" data-id=\"22fa379e\" data-element_type=\"section\" data-settings=\"{&quot;stretch_section&quot;:&quot;section-stretched&quot;}\">\n\t\t\t\t\t\t<div class=\"elementor-container elementor-column-gap-no\">\n\t\t\t\t\t<div class=\"elementor-column elementor-col-100 elementor-top-column elementor-element elementor-element-1a21d3d5\" data-id=\"1a21d3d5\" data-element_type=\"column\">\n\t\t\t<div class=\"elementor-widget-wrap elementor-element-populated\">\n\t\t\t\t\t\t<div class=\"elementor-element elementor-element-6f50e845 elementor-widget elementor-widget-google_maps\" data-id=\"6f50e845\" data-element_type=\"widget\" data-widget_type=\"google_maps.default\">\n\t\t\t\t<div class=\"elementor-widget-container\">\n\t\t\t\t\t<div class=\"elementor-custom-embed\">\n\t\t\t<iframe loading=\"lazy\"\n\t\t\t\t\tsrc=\"https:\/\/maps.google.com\/maps?q=Las%20heras%2071%2C%20san%20carlos%20de%20bol%C3%ADvar%2C%20buenos%20aires&#038;t=m&#038;z=18&#038;output=embed&#038;iwloc=near\"\n\t\t\t\t\ttitle=\"Las heras 71, san carlos de bol\u00edvar, buenos aires\"\n\t\t\t\t\taria-label=\"Las heras 71, san carlos de bol\u00edvar, buenos aires\"\n\t\t\t><\/iframe>\n\t\t<\/div>\n\t\t\t\t<\/div>\n\t\t\t\t<\/div>\n\t\t\t\t\t<\/div>\n\t\t<\/div>\n\t\t\t\t\t<\/div>\n\t\t<\/section>\n\t\t\t\t<section class=\"elementor-section elementor-top-section elementor-element elementor-element-14703eec elementor-section-boxed elementor-section-height-default elementor-section-height-default\" data-id=\"14703eec\" data-element_type=\"section\">\n\t\t\t\t\t\t<div class=\"elementor-container elementor-column-gap-default\">\n\t\t\t\t\t<div class=\"elementor-column elementor-col-100 elementor-top-column elementor-element elementor-element-6f8ef8e1\" data-id=\"6f8ef8e1\" data-element_type=\"column\">\n\t\t\t<div class=\"elementor-widget-wrap elementor-element-populated\">\n\t\t\t\t\t\t<div class=\"elementor-element elementor-element-799d01f5 elementor-widget elementor-widget-spacer\" data-id=\"799d01f5\" data-element_type=\"widget\" data-widget_type=\"spacer.default\">\n\t\t\t\t<div class=\"elementor-widget-container\">\n\t\t\t\t\t<div class=\"elementor-spacer\">\n\t\t\t<div class=\"elementor-spacer-inner\"><\/div>\n\t\t<\/div>\n\t\t\t\t<\/div>\n\t\t\t\t<\/div>\n\t\t\t\t<div class=\"elementor-element elementor-element-1549b80e elementor-widget elementor-widget-heading\" data-id=\"1549b80e\" data-element_type=\"widget\" data-widget_type=\"heading.default\">\n\t\t\t\t<div class=\"elementor-widget-container\">\n\t\t\t<h2 class=\"elementor-heading-title elementor-size-default\">Comunicate con nosotros<\/h2>\t\t<\/div>\n\t\t\t\t<\/div>\n\t\t\t\t<div class=\"elementor-element elementor-element-55d1d865 elementor-widget elementor-widget-spacer\" data-id=\"55d1d865\" data-element_type=\"widget\" data-widget_type=\"spacer.default\">\n\t\t\t\t<div class=\"elementor-widget-container\">\n\t\t\t\t\t<div class=\"elementor-spacer\">\n\t\t\t<div class=\"elementor-spacer-inner\"><\/div>\n\t\t<\/div>\n\t\t\t\t<\/div>\n\t\t\t\t<\/div>\n\t\t\t\t\t<\/div>\n\t\t<\/div>\n\t\t\t\t\t<\/div>\n\t\t<\/section>\n\t\t\t\t<section class=\"elementor-section elementor-top-section elementor-element elementor-element-6532c4ff elementor-section-boxed elementor-section-height-default elementor-section-height-default\" data-id=\"6532c4ff\" data-element_type=\"section\">\n\t\t\t\t\t\t<div class=\"elementor-container elementor-column-gap-default\">\n\t\t\t\t\t<div class=\"elementor-column elementor-col-33 elementor-top-column elementor-element elementor-element-5efd9169\" data-id=\"5efd9169\" data-element_type=\"column\">\n\t\t\t<div class=\"elementor-widget-wrap elementor-element-populated\">\n\t\t\t\t\t\t<div class=\"elementor-element elementor-element-2e3b81a elementor-widget elementor-widget-heading\" data-id=\"2e3b81a\" data-element_type=\"widget\" data-widget_type=\"heading.default\">\n\t\t\t\t<div class=\"elementor-widget-container\">\n\t\t\t<h3 class=\"elementor-heading-title elementor-size-default\">Tel\u00e9fono<\/h3>\t\t<\/div>\n\t\t\t\t<\/div>\n\t\t\t\t<div class=\"elementor-element elementor-element-3f3d344f elementor-widget elementor-widget-spacer\" data-id=\"3f3d344f\" data-element_type=\"widget\" data-widget_type=\"spacer.default\">\n\t\t\t\t<div class=\"elementor-widget-container\">\n\t\t\t\t\t<div class=\"elementor-spacer\">\n\t\t\t<div class=\"elementor-spacer-inner\"><\/div>\n\t\t<\/div>\n\t\t\t\t<\/div>\n\t\t\t\t<\/div>\n\t\t\t\t<div class=\"elementor-element elementor-element-7753773f elementor-widget elementor-widget-text-editor\" data-id=\"7753773f\" data-element_type=\"widget\" data-widget_type=\"text-editor.default\">\n\t\t\t\t<div class=\"elementor-widget-container\">\n\t\t\t\t\t\t\t<p>02314-513448<br \/><br \/><\/p>\t\t\t\t\t\t<\/div>\n\t\t\t\t<\/div>\n\t\t\t\t\t<\/div>\n\t\t<\/div>\n\t\t\t\t<div class=\"elementor-column elementor-col-33 elementor-top-column elementor-element elementor-element-4d2acf20\" data-id=\"4d2acf20\" data-element_type=\"column\">\n\t\t\t<div class=\"elementor-widget-wrap elementor-element-populated\">\n\t\t\t\t\t\t<div class=\"elementor-element elementor-element-4cbda4e2 elementor-widget elementor-widget-heading\" data-id=\"4cbda4e2\" data-element_type=\"widget\" data-widget_type=\"heading.default\">\n\t\t\t\t<div class=\"elementor-widget-container\">\n\t\t\t<h3 class=\"elementor-heading-title elementor-size-default\">Correo electr\u00f3nico<\/h3>\t\t<\/div>\n\t\t\t\t<\/div>\n\t\t\t\t<div class=\"elementor-element elementor-element-106944c6 elementor-widget elementor-widget-spacer\" data-id=\"106944c6\" data-element_type=\"widget\" data-widget_type=\"spacer.default\">\n\t\t\t\t<div class=\"elementor-widget-container\">\n\t\t\t\t\t<div class=\"elementor-spacer\">\n\t\t\t<div class=\"elementor-spacer-inner\"><\/div>\n\t\t<\/div>\n\t\t\t\t<\/div>\n\t\t\t\t<\/div>\n\t\t\t\t<div class=\"elementor-element elementor-element-2586b743 elementor-widget elementor-widget-text-editor\" data-id=\"2586b743\" data-element_type=\"widget\" data-widget_type=\"text-editor.default\">\n\t\t\t\t<div class=\"elementor-widget-container\">\n\t\t\t\t\t\t\t<p>info@intertecno.com.ar<\/p>\t\t\t\t\t\t<\/div>\n\t\t\t\t<\/div>\n\t\t\t\t\t<\/div>\n\t\t<\/div>\n\t\t\t\t<div class=\"elementor-column elementor-col-33 elementor-top-column elementor-element elementor-element-3958a793\" data-id=\"3958a793\" data-element_type=\"column\">\n\t\t\t<div class=\"elementor-widget-wrap elementor-element-populated\">\n\t\t\t\t\t\t<div class=\"elementor-element elementor-element-45bbdcbe elementor-widget elementor-widget-heading\" data-id=\"45bbdcbe\" data-element_type=\"widget\" data-widget_type=\"heading.default\">\n\t\t\t\t<div class=\"elementor-widget-container\">\n\t\t\t<h3 class=\"elementor-heading-title elementor-size-default\">Nuestro local<\/h3>\t\t<\/div>\n\t\t\t\t<\/div>\n\t\t\t\t<div class=\"elementor-element elementor-element-5853c79f elementor-widget elementor-widget-spacer\" data-id=\"5853c79f\" data-element_type=\"widget\" data-widget_type=\"spacer.default\">\n\t\t\t\t<div class=\"elementor-widget-container\">\n\t\t\t\t\t<div class=\"elementor-spacer\">\n\t\t\t<div class=\"elementor-spacer-inner\"><\/div>\n\t\t<\/div>\n\t\t\t\t<\/div>\n\t\t\t\t<\/div>\n\t\t\t\t<div class=\"elementor-element elementor-element-db9d980 elementor-widget elementor-widget-text-editor\" data-id=\"db9d980\" data-element_type=\"widget\" data-widget_type=\"text-editor.default\">\n\t\t\t\t<div class=\"elementor-widget-container\">\n\t\t\t\t\t\t\t<p>Las Heras 71 &#8211; San Carlos de Bol\u00edvar<\/p>\t\t\t\t\t\t<\/div>\n\t\t\t\t<\/div>\n\t\t\t\t\t<\/div>\n\t\t<\/div>\n\t\t\t\t\t<\/div>\n\t\t<\/section>\n\t\t\t\t<section class=\"elementor-section elementor-top-section elementor-element elementor-element-6548246d elementor-section-boxed elementor-section-height-default elementor-section-height-default\" data-id=\"6548246d\" data-element_type=\"section\">\n\t\t\t\t\t\t<div class=\"elementor-container elementor-column-gap-default\">\n\t\t\t\t\t<div class=\"elementor-column elementor-col-100 elementor-top-column elementor-element elementor-element-4faf6658\" data-id=\"4faf6658\" data-element_type=\"column\">\n\t\t\t<div class=\"elementor-widget-wrap elementor-element-populated\">\n\t\t\t\t\t\t<div class=\"elementor-element elementor-element-2855a0f elementor-widget elementor-widget-spacer\" data-id=\"2855a0f\" data-element_type=\"widget\" data-widget_type=\"spacer.default\">\n\t\t\t\t<div class=\"elementor-widget-container\">\n\t\t\t\t\t<div class=\"elementor-spacer\">\n\t\t\t<div class=\"elementor-spacer-inner\"><\/div>\n\t\t<\/div>\n\t\t\t\t<\/div>\n\t\t\t\t<\/div>\n\t\t\t\t\t<\/div>\n\t\t<\/div>\n\t\t\t\t\t<\/div>\n\t\t<\/section>\n\t\t\t\t<section class=\"elementor-section elementor-top-section elementor-element elementor-element-1e9aff12 elementor-section-stretched elementor-section-boxed elementor-section-height-default elementor-section-height-default\" data-id=\"1e9aff12\" data-element_type=\"section\" data-settings=\"{&quot;stretch_section&quot;:&quot;section-stretched&quot;,&quot;background_background&quot;:&quot;classic&quot;}\">\n\t\t\t\t\t\t<div class=\"elementor-container elementor-column-gap-default\">\n\t\t\t\t\t<div class=\"elementor-column elementor-col-100 elementor-top-column elementor-element elementor-element-4a46e7df\" data-id=\"4a46e7df\" data-element_type=\"column\">\n\t\t\t<div class=\"elementor-widget-wrap elementor-element-populated\">\n\t\t\t\t\t\t<div class=\"elementor-element elementor-element-597f3a27 elementor-widget elementor-widget-spacer\" data-id=\"597f3a27\" data-element_type=\"widget\" data-widget_type=\"spacer.default\">\n\t\t\t\t<div class=\"elementor-widget-container\">\n\t\t\t\t\t<div class=\"elementor-spacer\">\n\t\t\t<div class=\"elementor-spacer-inner\"><\/div>\n\t\t<\/div>\n\t\t\t\t<\/div>\n\t\t\t\t<\/div>\n\t\t\t\t<div class=\"elementor-element elementor-element-b252922 elementor-widget elementor-widget-heading\" data-id=\"b252922\" data-element_type=\"widget\" data-widget_type=\"heading.default\">\n\t\t\t\t<div class=\"elementor-widget-container\">\n\t\t\t<h2 class=\"elementor-heading-title elementor-size-default\">Dejanos un mensaje<\/h2>\t\t<\/div>\n\t\t\t\t<\/div>\n\t\t\t\t<div class=\"elementor-element elementor-element-47a20066 elementor-widget elementor-widget-spacer\" data-id=\"47a20066\" data-element_type=\"widget\" data-widget_type=\"spacer.default\">\n\t\t\t\t<div class=\"elementor-widget-container\">\n\t\t\t\t\t<div class=\"elementor-spacer\">\n\t\t\t<div class=\"elementor-spacer-inner\"><\/div>\n\t\t<\/div>\n\t\t\t\t<\/div>\n\t\t\t\t<\/div>\n\t\t\t\t<div class=\"elementor-element elementor-element-bc6becb elementor-widget elementor-widget-martfury-contact-form-7\" data-id=\"bc6becb\" data-element_type=\"widget\" data-widget_type=\"martfury-contact-form-7.default\">\n\t\t\t\t<div class=\"elementor-widget-container\">\n\t\t\t\t\t<div class=\"martfury-contact-form-7\">\n\t\t\t<div role=\"form\" class=\"wpcf7\" id=\"wpcf7-f13-o1\" lang=\"es-AR\" dir=\"ltr\">\n<div class=\"screen-reader-response\"><p role=\"status\" aria-live=\"polite\" aria-atomic=\"true\"><\/p> <ul><\/ul><\/div>\n<form action=\"\/decileatumadre\/wp-json\/wp\/v2\/pages\/131#wpcf7-f13-o1\" method=\"post\" class=\"wpcf7-form init\" novalidate=\"novalidate\" data-status=\"init\">\n<div style=\"display: none;\">\n<input type=\"hidden\" name=\"_wpcf7\" value=\"13\" \/>\n<input type=\"hidden\" name=\"_wpcf7_version\" value=\"5.5.6\" \/>\n<input type=\"hidden\" name=\"_wpcf7_locale\" value=\"es_AR\" \/>\n<input type=\"hidden\" name=\"_wpcf7_unit_tag\" value=\"wpcf7-f13-o1\" \/>\n<input type=\"hidden\" name=\"_wpcf7_container_post\" value=\"0\" \/>\n<input type=\"hidden\" name=\"_wpcf7_posted_data_hash\" value=\"\" \/>\n<\/div>\n<p><label> Nombre<br \/>\n    <span class=\"wpcf7-form-control-wrap your-name\"><input type=\"text\" name=\"your-name\" value=\"\" size=\"40\" class=\"wpcf7-form-control wpcf7-text wpcf7-validates-as-required\" aria-required=\"true\" aria-invalid=\"false\" \/><\/span> <\/label><\/p>\n<p><label> Correo<br \/>\n    <span class=\"wpcf7-form-control-wrap your-email\"><input type=\"email\" name=\"your-email\" value=\"\" size=\"40\" class=\"wpcf7-form-control wpcf7-text wpcf7-email wpcf7-validates-as-required wpcf7-validates-as-email\" aria-required=\"true\" aria-invalid=\"false\" \/><\/span> <\/label><\/p>\n<p><label> Tu mensaje(opcional)<br \/>\n    <span class=\"wpcf7-form-control-wrap your-message\"><textarea name=\"your-message\" cols=\"40\" rows=\"10\" class=\"wpcf7-form-control wpcf7-textarea\" aria-invalid=\"false\"><\/textarea><\/span> <\/label><\/p>\n<p><input type=\"submit\" value=\"Enviar\" class=\"wpcf7-form-control has-spinner wpcf7-submit\" \/><\/p>\n<div class=\"wpcf7-response-output\" aria-hidden=\"true\"><\/div><\/form><\/div>\t\t<\/div>\n\t\t\t\t<\/div>\n\t\t\t\t<\/div>\n\t\t\t\t<div class=\"elementor-element elementor-element-707365de elementor-widget elementor-widget-martfury-contact-form-7\" data-id=\"707365de\" data-element_type=\"widget\" data-widget_type=\"martfury-contact-form-7.default\">\n\t\t\t\t<div class=\"elementor-widget-container\">\n\t\t\t\t\t<div class=\"martfury-contact-form-7\">\n\t\t\t\t\t<\/div>\n\t\t\t\t<\/div>\n\t\t\t\t<\/div>\n\t\t\t\t<div class=\"elementor-element elementor-element-7e067413 elementor-widget elementor-widget-spacer\" data-id=\"7e067413\" data-element_type=\"widget\" data-widget_type=\"spacer.default\">\n\t\t\t\t<div class=\"elementor-widget-container\">\n\t\t\t\t\t<div class=\"elementor-spacer\">\n\t\t\t<div class=\"elementor-spacer-inner\"><\/div>\n\t\t<\/div>\n\t\t\t\t<\/div>\n\t\t\t\t<\/div>\n\t\t\t\t\t<\/div>\n\t\t<\/div>\n\t\t\t\t\t<\/div>\n\t\t<\/section>\n\t\t\t\t<\/div>\n\t\t","protected":false},"excerpt":{"rendered":"<p>Comunicate con nosotros Tel\u00e9fono 02314-513448 Correo electr\u00f3nico info@intertecno.com.ar Nuestro local Las Heras 71 &#8211; San Carlos de Bol\u00edvar Dejanos un mensaje Nombre Correo Tu mensaje(opcional)<\/p>\n","protected":false},"author":3,"featured_media":0,"parent":0,"menu_order":0,"comment_status":"closed","ping_status":"closed","template":"template-full-width.php","meta":{"_joinchat":[],"footnotes":""},"class_list":["post-131","page","type-page","status-publish","hentry"],"yoast_head":"<!-- This site is optimized with the Yoast SEO plugin v23.4 - https:\/\/yoast.com\/wordpress\/plugins\/seo\/ -->\n<title>Contacto &#060; Decile a tu madre<\/title>\n<meta name=\"robots\" content=\"index, follow, max-snippet:-1, max-image-preview:large, max-video-preview:-1\" \/>\n<link rel=\"canonical\" href=\"https:\/\/intertecno.com.ar\/decileatumadre\/contact\/\" \/>\n<meta property=\"og:locale\" content=\"es_ES\" \/>\n<meta property=\"og:type\" content=\"article\" \/>\n<meta property=\"og:title\" content=\"Contacto &#060; Decile a tu madre\" \/>\n<meta property=\"og:description\" content=\"Comunicate con nosotros Tel\u00e9fono 02314-513448 Correo electr\u00f3nico info@intertecno.com.ar Nuestro local Las Heras 71 &#8211; San Carlos de Bol\u00edvar Dejanos un mensaje Nombre Correo Tu mensaje(opcional)\" \/>\n<meta property=\"og:url\" content=\"https:\/\/intertecno.com.ar\/decileatumadre\/contact\/\" \/>\n<meta property=\"og:site_name\" content=\"Decile a tu madre\" \/>\n<meta property=\"article:publisher\" content=\"https:\/\/www.facebook.com\/decileatumadrebolivar\" \/>\n<meta property=\"article:modified_time\" content=\"2021-07-01T14:03:45+00:00\" \/>\n<meta property=\"og:image\" content=\"https:\/\/intertecno.com.ar\/decileatumadre\/wp-content\/uploads\/2021\/06\/camperaceline.jpg\" \/>\n\t<meta property=\"og:image:width\" content=\"591\" \/>\n\t<meta property=\"og:image:height\" content=\"736\" \/>\n\t<meta property=\"og:image:type\" content=\"image\/jpeg\" \/>\n<meta name=\"twitter:card\" content=\"summary_large_image\" \/>\n<script type=\"application\/ld+json\" class=\"yoast-schema-graph\">{\"@context\":\"https:\/\/schema.org\",\"@graph\":[{\"@type\":\"WebPage\",\"@id\":\"https:\/\/intertecno.com.ar\/decileatumadre\/contact\/\",\"url\":\"https:\/\/intertecno.com.ar\/decileatumadre\/contact\/\",\"name\":\"Contacto &#060; Decile a tu madre\",\"isPartOf\":{\"@id\":\"https:\/\/intertecno.com.ar\/decileatumadre\/#website\"},\"datePublished\":\"2017-11-28T08:27:58+00:00\",\"dateModified\":\"2021-07-01T14:03:45+00:00\",\"breadcrumb\":{\"@id\":\"https:\/\/intertecno.com.ar\/decileatumadre\/contact\/#breadcrumb\"},\"inLanguage\":\"es\",\"potentialAction\":[{\"@type\":\"ReadAction\",\"target\":[\"https:\/\/intertecno.com.ar\/decileatumadre\/contact\/\"]}]},{\"@type\":\"BreadcrumbList\",\"@id\":\"https:\/\/intertecno.com.ar\/decileatumadre\/contact\/#breadcrumb\",\"itemListElement\":[{\"@type\":\"ListItem\",\"position\":1,\"name\":\"Portada\",\"item\":\"https:\/\/intertecno.com.ar\/decileatumadre\/\"},{\"@type\":\"ListItem\",\"position\":2,\"name\":\"Contacto\"}]},{\"@type\":\"WebSite\",\"@id\":\"https:\/\/intertecno.com.ar\/decileatumadre\/#website\",\"url\":\"https:\/\/intertecno.com.ar\/decileatumadre\/\",\"name\":\"Decile a tu madre\",\"description\":\"Teens\",\"publisher\":{\"@id\":\"https:\/\/intertecno.com.ar\/decileatumadre\/#organization\"},\"potentialAction\":[{\"@type\":\"SearchAction\",\"target\":{\"@type\":\"EntryPoint\",\"urlTemplate\":\"https:\/\/intertecno.com.ar\/decileatumadre\/?s={search_term_string}\"},\"query-input\":{\"@type\":\"PropertyValueSpecification\",\"valueRequired\":true,\"valueName\":\"search_term_string\"}}],\"inLanguage\":\"es\"},{\"@type\":\"Organization\",\"@id\":\"https:\/\/intertecno.com.ar\/decileatumadre\/#organization\",\"name\":\"Decile a tu Madre\",\"url\":\"https:\/\/intertecno.com.ar\/decileatumadre\/\",\"logo\":{\"@type\":\"ImageObject\",\"inLanguage\":\"es\",\"@id\":\"https:\/\/intertecno.com.ar\/decileatumadre\/#\/schema\/logo\/image\/\",\"url\":\"https:\/\/intertecno.com.ar\/decileatumadre\/wp-content\/uploads\/2021\/06\/logo-decile-a-tu-madre-new.png\",\"contentUrl\":\"https:\/\/intertecno.com.ar\/decileatumadre\/wp-content\/uploads\/2021\/06\/logo-decile-a-tu-madre-new.png\",\"width\":1280,\"height\":449,\"caption\":\"Decile a tu Madre\"},\"image\":{\"@id\":\"https:\/\/intertecno.com.ar\/decileatumadre\/#\/schema\/logo\/image\/\"},\"sameAs\":[\"https:\/\/www.facebook.com\/decileatumadrebolivar\",\"https:\/\/www.instagram.com\/decileatumadreteens\/\"]}]}<\/script>\n<!-- \/ Yoast SEO plugin. -->","yoast_head_json":{"title":"Contacto &#060; Decile a tu madre","robots":{"index":"index","follow":"follow","max-snippet":"max-snippet:-1","max-image-preview":"max-image-preview:large","max-video-preview":"max-video-preview:-1"},"canonical":"https:\/\/intertecno.com.ar\/decileatumadre\/contact\/","og_locale":"es_ES","og_type":"article","og_title":"Contacto &#060; Decile a tu madre","og_description":"Comunicate con nosotros Tel\u00e9fono 02314-513448 Correo electr\u00f3nico info@intertecno.com.ar Nuestro local Las Heras 71 &#8211; San Carlos de Bol\u00edvar Dejanos un mensaje Nombre Correo Tu mensaje(opcional)","og_url":"https:\/\/intertecno.com.ar\/decileatumadre\/contact\/","og_site_name":"Decile a tu madre","article_publisher":"https:\/\/www.facebook.com\/decileatumadrebolivar","article_modified_time":"2021-07-01T14:03:45+00:00","og_image":[{"width":591,"height":736,"url":"https:\/\/intertecno.com.ar\/decileatumadre\/wp-content\/uploads\/2021\/06\/camperaceline.jpg","type":"image\/jpeg"}],"twitter_card":"summary_large_image","schema":{"@context":"https:\/\/schema.org","@graph":[{"@type":"WebPage","@id":"https:\/\/intertecno.com.ar\/decileatumadre\/contact\/","url":"https:\/\/intertecno.com.ar\/decileatumadre\/contact\/","name":"Contacto &#060; Decile a tu madre","isPartOf":{"@id":"https:\/\/intertecno.com.ar\/decileatumadre\/#website"},"datePublished":"2017-11-28T08:27:58+00:00","dateModified":"2021-07-01T14:03:45+00:00","breadcrumb":{"@id":"https:\/\/intertecno.com.ar\/decileatumadre\/contact\/#breadcrumb"},"inLanguage":"es","potentialAction":[{"@type":"ReadAction","target":["https:\/\/intertecno.com.ar\/decileatumadre\/contact\/"]}]},{"@type":"BreadcrumbList","@id":"https:\/\/intertecno.com.ar\/decileatumadre\/contact\/#breadcrumb","itemListElement":[{"@type":"ListItem","position":1,"name":"Portada","item":"https:\/\/intertecno.com.ar\/decileatumadre\/"},{"@type":"ListItem","position":2,"name":"Contacto"}]},{"@type":"WebSite","@id":"https:\/\/intertecno.com.ar\/decileatumadre\/#website","url":"https:\/\/intertecno.com.ar\/decileatumadre\/","name":"Decile a tu madre","description":"Teens","publisher":{"@id":"https:\/\/intertecno.com.ar\/decileatumadre\/#organization"},"potentialAction":[{"@type":"SearchAction","target":{"@type":"EntryPoint","urlTemplate":"https:\/\/intertecno.com.ar\/decileatumadre\/?s={search_term_string}"},"query-input":{"@type":"PropertyValueSpecification","valueRequired":true,"valueName":"search_term_string"}}],"inLanguage":"es"},{"@type":"Organization","@id":"https:\/\/intertecno.com.ar\/decileatumadre\/#organization","name":"Decile a tu Madre","url":"https:\/\/intertecno.com.ar\/decileatumadre\/","logo":{"@type":"ImageObject","inLanguage":"es","@id":"https:\/\/intertecno.com.ar\/decileatumadre\/#\/schema\/logo\/image\/","url":"https:\/\/intertecno.com.ar\/decileatumadre\/wp-content\/uploads\/2021\/06\/logo-decile-a-tu-madre-new.png","contentUrl":"https:\/\/intertecno.com.ar\/decileatumadre\/wp-content\/uploads\/2021\/06\/logo-decile-a-tu-madre-new.png","width":1280,"height":449,"caption":"Decile a tu Madre"},"image":{"@id":"https:\/\/intertecno.com.ar\/decileatumadre\/#\/schema\/logo\/image\/"},"sameAs":["https:\/\/www.facebook.com\/decileatumadrebolivar","https:\/\/www.instagram.com\/decileatumadreteens\/"]}]}},"_links":{"self":[{"href":"https:\/\/intertecno.com.ar\/decileatumadre\/wp-json\/wp\/v2\/pages\/131","targetHints":{"allow":["GET"]}}],"collection":[{"href":"https:\/\/intertecno.com.ar\/decileatumadre\/wp-json\/wp\/v2\/pages"}],"about":[{"href":"https:\/\/intertecno.com.ar\/decileatumadre\/wp-json\/wp\/v2\/types\/page"}],"author":[{"embeddable":true,"href":"https:\/\/intertecno.com.ar\/decileatumadre\/wp-json\/wp\/v2\/users\/3"}],"replies":[{"embeddable":true,"href":"https:\/\/intertecno.com.ar\/decileatumadre\/wp-json\/wp\/v2\/comments?post=131"}],"version-history":[{"count":3,"href":"https:\/\/intertecno.com.ar\/decileatumadre\/wp-json\/wp\/v2\/pages\/131\/revisions"}],"predecessor-version":[{"id":6635,"href":"https:\/\/intertecno.com.ar\/decileatumadre\/wp-json\/wp\/v2\/pages\/131\/revisions\/6635"}],"wp:attachment":[{"href":"https:\/\/intertecno.com.ar\/decileatumadre\/wp-json\/wp\/v2\/media?parent=131"}],"curies":[{"name":"wp","href":"https:\/\/api.w.org\/{rel}","templated":true}]}}